{"id":1661,"date":"2022-06-10T14:22:49","date_gmt":"2022-06-10T14:22:49","guid":{"rendered":"https:\/\/ifgt.panificadores.org.mx\/alterno\/?page_id=1661"},"modified":"2022-06-10T16:56:58","modified_gmt":"2022-06-10T16:56:58","slug":"aviso-de-privacidad","status":"publish","type":"page","link":"https:\/\/ifgt.panificadores.org.mx\/index.php\/aviso-de-privacidad\/","title":{"rendered":"Aviso de Privacidad"},"content":{"rendered":"\t\t<div data-elementor-type=\"wp-page\" data-elementor-id=\"1661\" class=\"elementor elementor-1661\" data-elementor-post-type=\"page\">\n\t\t\t\t\t\t<section class=\"elementor-section elementor-top-section elementor-element elementor-element-8d541b3 elementor-section-full_width elementor-section-height-min-height elementor-section-height-default elementor-section-items-middle\" data-id=\"8d541b3\" data-element_type=\"section\" data-settings=\"{&quot;background_background&quot;:&quot;classic&quot;}\">\n\t\t\t\t\t\t\t<div class=\"elementor-background-overlay\"><\/div>\n\t\t\t\t\t\t\t<div class=\"elementor-container elementor-column-gap-default\">\n\t\t\t\t\t<div class=\"elementor-column elementor-col-100 elementor-top-column elementor-element elementor-element-b7f9c2c\" data-id=\"b7f9c2c\" data-element_type=\"column\">\n\t\t\t<div class=\"elementor-widget-wrap elementor-element-populated\">\n\t\t\t\t\t\t<div class=\"elementor-element elementor-element-ea7b7dd elementor-widget elementor-widget-text-editor\" data-id=\"ea7b7dd\" data-element_type=\"widget\" data-widget_type=\"text-editor.default\">\n\t\t\t\t<div class=\"elementor-widget-container\">\n\t\t\t<style>\/*! elementor - v3.20.0 - 11-03-2024 *\/\n.elementor-widget-text-editor.elementor-drop-cap-view-stacked .elementor-drop-cap{background-color:#69727d;color:#fff}.elementor-widget-text-editor.elementor-drop-cap-view-framed .elementor-drop-cap{color:#69727d;border:3px solid;background-color:transparent}.elementor-widget-text-editor:not(.elementor-drop-cap-view-default) .elementor-drop-cap{margin-top:8px}.elementor-widget-text-editor:not(.elementor-drop-cap-view-default) .elementor-drop-cap-letter{width:1em;height:1em}.elementor-widget-text-editor .elementor-drop-cap{float:left;text-align:center;line-height:1;font-size:50px}.elementor-widget-text-editor .elementor-drop-cap-letter{display:inline-block}<\/style>\t\t\t\t<p>Sindicato Nacional de Trabajadores Harineros Panificadores<\/p>\n<p><br><\/p>\t\t\t\t\t\t<\/div>\n\t\t\t\t<\/div>\n\t\t\t\t<div class=\"elementor-element elementor-element-50f8941 elementor-widget elementor-widget-text-editor\" data-id=\"50f8941\" data-element_type=\"widget\" data-widget_type=\"text-editor.default\">\n\t\t\t\t<div class=\"elementor-widget-container\">\n\t\t\t\t\t\t\t<p><span style=\"font-style: inherit; font-weight: inherit;\">Instituto Fausto Guerrero Trist\u00e1n<\/span><\/p>\t\t\t\t\t\t<\/div>\n\t\t\t\t<\/div>\n\t\t\t\t\t<\/div>\n\t\t<\/div>\n\t\t\t\t\t<\/div>\n\t\t<\/section>\n\t\t\t\t<section class=\"elementor-section elementor-top-section elementor-element elementor-element-3e9fe30 elementor-section-boxed elementor-section-height-default elementor-section-height-default\" data-id=\"3e9fe30\" data-element_type=\"section\">\n\t\t\t\t\t\t<div class=\"elementor-container elementor-column-gap-default\">\n\t\t\t\t\t<div class=\"elementor-column elementor-col-100 elementor-top-column elementor-element elementor-element-69a64c7\" data-id=\"69a64c7\" data-element_type=\"column\">\n\t\t\t<div class=\"elementor-widget-wrap\">\n\t\t\t\t\t\t\t<\/div>\n\t\t<\/div>\n\t\t\t\t\t<\/div>\n\t\t<\/section>\n\t\t\t\t<section class=\"elementor-section elementor-top-section elementor-element elementor-element-af34029 elementor-section-content-middle elementor-section-boxed elementor-section-height-default elementor-section-height-default\" data-id=\"af34029\" data-element_type=\"section\">\n\t\t\t\t\t\t<div class=\"elementor-container elementor-column-gap-no\">\n\t\t\t\t\t<div class=\"elementor-column elementor-col-50 elementor-top-column elementor-element elementor-element-e1b30d8\" data-id=\"e1b30d8\" data-element_type=\"column\">\n\t\t\t<div class=\"elementor-widget-wrap elementor-element-populated\">\n\t\t\t\t\t\t<div class=\"elementor-element elementor-element-8568719 elementor-widget-divider--view-line elementor-widget elementor-widget-divider\" data-id=\"8568719\" data-element_type=\"widget\" data-widget_type=\"divider.default\">\n\t\t\t\t<div class=\"elementor-widget-container\">\n\t\t\t<style>\/*! elementor - v3.20.0 - 11-03-2024 *\/\n.elementor-widget-divider{--divider-border-style:none;--divider-border-width:1px;--divider-color:#0c0d0e;--divider-icon-size:20px;--divider-element-spacing:10px;--divider-pattern-height:24px;--divider-pattern-size:20px;--divider-pattern-url:none;--divider-pattern-repeat:repeat-x}.elementor-widget-divider .elementor-divider{display:flex}.elementor-widget-divider .elementor-divider__text{font-size:15px;line-height:1;max-width:95%}.elementor-widget-divider .elementor-divider__element{margin:0 var(--divider-element-spacing);flex-shrink:0}.elementor-widget-divider .elementor-icon{font-size:var(--divider-icon-size)}.elementor-widget-divider .elementor-divider-separator{display:flex;margin:0;direction:ltr}.elementor-widget-divider--view-line_icon .elementor-divider-separator,.elementor-widget-divider--view-line_text .elementor-divider-separator{align-items:center}.elementor-widget-divider--view-line_icon .elementor-divider-separator:after,.elementor-widget-divider--view-line_icon .elementor-divider-separator:before,.elementor-widget-divider--view-line_text .elementor-divider-separator:after,.elementor-widget-divider--view-line_text .elementor-divider-separator:before{display:block;content:\"\";border-block-end:0;flex-grow:1;border-block-start:var(--divider-border-width) var(--divider-border-style) var(--divider-color)}.elementor-widget-divider--element-align-left .elementor-divider .elementor-divider-separator>.elementor-divider__svg:first-of-type{flex-grow:0;flex-shrink:100}.elementor-widget-divider--element-align-left .elementor-divider-separator:before{content:none}.elementor-widget-divider--element-align-left .elementor-divider__element{margin-left:0}.elementor-widget-divider--element-align-right .elementor-divider .elementor-divider-separator>.elementor-divider__svg:last-of-type{flex-grow:0;flex-shrink:100}.elementor-widget-divider--element-align-right .elementor-divider-separator:after{content:none}.elementor-widget-divider--element-align-right .elementor-divider__element{margin-right:0}.elementor-widget-divider--element-align-start .elementor-divider .elementor-divider-separator>.elementor-divider__svg:first-of-type{flex-grow:0;flex-shrink:100}.elementor-widget-divider--element-align-start .elementor-divider-separator:before{content:none}.elementor-widget-divider--element-align-start .elementor-divider__element{margin-inline-start:0}.elementor-widget-divider--element-align-end .elementor-divider .elementor-divider-separator>.elementor-divider__svg:last-of-type{flex-grow:0;flex-shrink:100}.elementor-widget-divider--element-align-end .elementor-divider-separator:after{content:none}.elementor-widget-divider--element-align-end .elementor-divider__element{margin-inline-end:0}.elementor-widget-divider:not(.elementor-widget-divider--view-line_text):not(.elementor-widget-divider--view-line_icon) .elementor-divider-separator{border-block-start:var(--divider-border-width) var(--divider-border-style) var(--divider-color)}.elementor-widget-divider--separator-type-pattern{--divider-border-style:none}.elementor-widget-divider--separator-type-pattern.elementor-widget-divider--view-line .elementor-divider-separator,.elementor-widget-divider--separator-type-pattern:not(.elementor-widget-divider--view-line) .elementor-divider-separator:after,.elementor-widget-divider--separator-type-pattern:not(.elementor-widget-divider--view-line) .elementor-divider-separator:before,.elementor-widget-divider--separator-type-pattern:not([class*=elementor-widget-divider--view]) .elementor-divider-separator{width:100%;min-height:var(--divider-pattern-height);-webkit-mask-size:var(--divider-pattern-size) 100%;mask-size:var(--divider-pattern-size) 100%;-webkit-mask-repeat:var(--divider-pattern-repeat);mask-repeat:var(--divider-pattern-repeat);background-color:var(--divider-color);-webkit-mask-image:var(--divider-pattern-url);mask-image:var(--divider-pattern-url)}.elementor-widget-divider--no-spacing{--divider-pattern-size:auto}.elementor-widget-divider--bg-round{--divider-pattern-repeat:round}.rtl .elementor-widget-divider .elementor-divider__text{direction:rtl}.e-con-inner>.elementor-widget-divider,.e-con>.elementor-widget-divider{width:var(--container-widget-width,100%);--flex-grow:var(--container-widget-flex-grow)}<\/style>\t\t<div class=\"elementor-divider\">\n\t\t\t<span class=\"elementor-divider-separator\">\n\t\t\t\t\t\t<\/span>\n\t\t<\/div>\n\t\t\t\t<\/div>\n\t\t\t\t<\/div>\n\t\t\t\t<div class=\"elementor-element elementor-element-e2cfad0 elementor-widget elementor-widget-heading\" data-id=\"e2cfad0\" data-element_type=\"widget\" data-widget_type=\"heading.default\">\n\t\t\t\t<div class=\"elementor-widget-container\">\n\t\t\t<style>\/*! elementor - v3.20.0 - 11-03-2024 *\/\n.elementor-heading-title{padding:0;margin:0;line-height:1}.elementor-widget-heading .elementor-heading-title[class*=elementor-size-]>a{color:inherit;font-size:inherit;line-height:inherit}.elementor-widget-heading .elementor-heading-title.elementor-size-small{font-size:15px}.elementor-widget-heading .elementor-heading-title.elementor-size-medium{font-size:19px}.elementor-widget-heading .elementor-heading-title.elementor-size-large{font-size:29px}.elementor-widget-heading .elementor-heading-title.elementor-size-xl{font-size:39px}.elementor-widget-heading .elementor-heading-title.elementor-size-xxl{font-size:59px}<\/style><h3 class=\"elementor-heading-title elementor-size-default\">AVISO DE PRIVACIDAD<\/h3>\t\t<\/div>\n\t\t\t\t<\/div>\n\t\t\t\t\t<\/div>\n\t\t<\/div>\n\t\t\t\t<div class=\"elementor-column elementor-col-50 elementor-top-column elementor-element elementor-element-4ba43c5\" data-id=\"4ba43c5\" data-element_type=\"column\">\n\t\t\t<div class=\"elementor-widget-wrap elementor-element-populated\">\n\t\t\t\t\t\t<div class=\"elementor-element elementor-element-c96bcec elementor-widget elementor-widget-text-editor\" data-id=\"c96bcec\" data-element_type=\"widget\" data-widget_type=\"text-editor.default\">\n\t\t\t\t<div class=\"elementor-widget-container\">\n\t\t\t\t\t\t\t<p><strong><span style=\"color: var( --e-global-color-text ); font-family: var( --e-global-typography-text-font-family ), Sans-serif; font-size: 15px; font-style: inherit;\">De acuerdo a lo Previsto en la \u201cLey Federal de Protecci\u00f3n de Datos Personales\u201d, declara el Sindicato Nacional de Trabajadores Harineros, Panificadores, de Alimentos, del Transporte y Comercio, Similares y Conexos de la Rep\u00fablica Mexicana en adelante \u201cEl Sindicato\u201d, ser un Sindicato legalmente constituido de conformidad con las leyes mexicanas, con domicilio en: Mina 123, Colonia Guerrero, C\u00f3digo Postal 06300 y como responsable del tratamiento de sus datos personales, hace de su conocimiento que la informaci\u00f3n de nuestros agremiados es tratada de forma estrictamente confidencial por lo que al proporcionar sus datos personales, tales como:<\/span><\/strong><\/p>\t\t\t\t\t\t<\/div>\n\t\t\t\t<\/div>\n\t\t\t\t<div class=\"elementor-element elementor-element-3551e16 elementor-widget elementor-widget-text-editor\" data-id=\"3551e16\" data-element_type=\"widget\" data-widget_type=\"text-editor.default\">\n\t\t\t\t<div class=\"elementor-widget-container\">\n\t\t\t\t\t\t\t<p style=\"font-size: 15px; font-style: normal; font-weight: 400; color: #7a7a7a;\">1. Nombre Completo.<\/p><p style=\"font-size: 15px; font-style: normal; font-weight: 400; color: #7a7a7a;\">2. N\u00fameros Telef\u00f3nicos.<\/p><p style=\"font-size: 15px; font-style: normal; font-weight: 400; color: #7a7a7a;\">3. E-mail.<\/p><p style=\"font-size: 15px; font-style: normal; font-weight: 400; color: #7a7a7a;\">4. Parentesco con el trabajador (en caso de recomendados).<\/p><p style=\"font-size: 15px; font-style: normal; font-weight: 400; color: #7a7a7a;\">5. Genero.<\/p><p style=\"font-size: 15px; font-style: normal; font-weight: 400; color: #7a7a7a;\">6. Entidad Federativa.<\/p><p style=\"font-size: 15px; font-style: normal; font-weight: 400; color: #7a7a7a;\">7. N\u00famero de Empleado.<\/p><p style=\"font-size: 15px; font-style: normal; font-weight: 400; color: #7a7a7a;\">8. Departamento y Centro de Trabajo.<\/p><p style=\"font-size: 15px; font-style: normal; font-weight: 400; color: #7a7a7a;\">9. Secci\u00f3n.<\/p><p style=\"font-size: 15px; font-style: normal; font-weight: 400; color: #7a7a7a;\"><strong>Estos ser\u00e1n utilizados \u00fanica y exclusivamente para los siguientes fines:<\/strong><\/p><p style=\"font-size: 15px; font-style: normal; font-weight: 400; color: #7a7a7a;\">1. Informaci\u00f3n Estad\u00edstica y Gesti\u00f3n ante Instituciones Educativas.<\/p><p style=\"font-size: 15px; font-style: normal; font-weight: 400; color: #7a7a7a;\">2. Registro de la Base de Datos.<\/p><p style=\"font-size: 15px; font-style: normal; color: #7a7a7a;\"><b>En el caso de Datos sensibles, tales como:<\/b><\/p><p style=\"font-size: 15px; font-style: normal; font-weight: 400; color: #7a7a7a;\">1. Datos Personales (Nombre, N\u00famero Telef\u00f3nico, G\u00e9nero).<\/p><p style=\"font-size: 15px; font-style: normal; font-weight: 400; color: #7a7a7a;\">Estos ser\u00e1n utilizados \u00fanica y exclusivamente para los siguientes fines:<\/p><p style=\"font-size: 15px; font-style: normal; font-weight: 400; color: #7a7a7a;\">1. Informaci\u00f3n Estad\u00edstica y Gesti\u00f3n ante Instituciones Educativas.<\/p><p style=\"font-size: 15px; font-style: normal; font-weight: 400; color: #7a7a7a;\">2. Cualquier finalidad an\u00e1loga o compatible con la anterior.<\/p><div>\u00a0<\/div>\t\t\t\t\t\t<\/div>\n\t\t\t\t<\/div>\n\t\t\t\t<div class=\"elementor-element elementor-element-15a5dbd elementor-widget elementor-widget-text-editor\" data-id=\"15a5dbd\" data-element_type=\"widget\" data-widget_type=\"text-editor.default\">\n\t\t\t\t<div class=\"elementor-widget-container\">\n\t\t\t\t\t\t\t<p style=\"font-size: 15px; font-style: normal; font-weight: 400; color: #7a7a7a; text-align: start;\">Para prevenir el acceso no autorizado a sus datos personales y con el fin de asegurar que la informaci\u00f3n sea utilizada para los fines establecidos en este aviso de privacidad, hemos establecido diversos procedimientos con la finalidad de evitar el uso o divulgaci\u00f3n no autorizados de sus datos, permiti\u00e9ndonos tratarlos debidamente.<\/p><p style=\"font-size: 15px; font-style: normal; font-weight: 400; color: #7a7a7a; text-align: start;\">As\u00ed mismo, le informamos que sus datos personales pueden ser transmitidos para ser tratados por personas distintas a esta Instituci\u00f3n.<\/p><p style=\"font-size: 15px; font-style: normal; font-weight: 400; color: #7a7a7a; text-align: start;\">Todos sus datos personales son tratados de acuerdo a la legislaci\u00f3n aplicable y vigente en el pa\u00eds, por ello le informamos que usted tiene en todo momento los derechos (ARCO) de acceder, rectificar, cancelar u oponerse al tratamiento que le damos a sus datos personales; derecho que podr\u00e1 hacer valer a trav\u00e9s del \u00c1rea de Privacidad encargada de la seguridad de datos personales en el Tel\u00e9fono (55) 57 05 41 01 o por medio de su correo electr\u00f3nico: ifgt.snhp@gmail.com<\/p><p style=\"font-size: 15px; font-style: normal; font-weight: 400; color: #7a7a7a; text-align: start;\">A trav\u00e9s de estos canales usted podr\u00e1 actualizar sus datos y especificar el medio por el cual desea recibir informaci\u00f3n, ya que, en caso de no contar con esta especificaci\u00f3n de su parte, \u201cEl Sindicato\u201d establecer\u00e1 libremente el canal que considere pertinente para enviarle informaci\u00f3n.<\/p><p style=\"font-size: 15px; font-style: normal; font-weight: 400; color: #7a7a7a; text-align: start;\">Este aviso de privacidad podr\u00e1 ser modificado por \u201cEl Sindicato\u201d dichas modificaciones ser\u00e1n oportunamente informadas a trav\u00e9s de correo electr\u00f3nico, tel\u00e9fono, o cualquier otro medio de comunicaci\u00f3n que \u201cEl Sindicato\u201d determine para tal efecto.<\/p>\t\t\t\t\t\t<\/div>\n\t\t\t\t<\/div>\n\t\t\t\t\t<\/div>\n\t\t<\/div>\n\t\t\t\t\t<\/div>\n\t\t<\/section>\n\t\t\t\t<section class=\"elementor-section elementor-top-section elementor-element elementor-element-d87ea2d animated-slow elementor-section-boxed elementor-section-height-default elementor-section-height-default elementor-invisible\" data-id=\"d87ea2d\" data-element_type=\"section\" data-settings=\"{&quot;animation&quot;:&quot;fadeInUp&quot;}\">\n\t\t\t\t\t\t<div class=\"elementor-container elementor-column-gap-default\">\n\t\t\t\t\t<div class=\"elementor-column elementor-col-100 elementor-top-column elementor-element elementor-element-53ea37d\" data-id=\"53ea37d\" data-element_type=\"column\">\n\t\t\t<div class=\"elementor-widget-wrap elementor-element-populated\">\n\t\t\t\t\t\t<div class=\"elementor-element elementor-element-8dd9140 elementor-align-center elementor-widget elementor-widget-button\" data-id=\"8dd9140\" data-element_type=\"widget\" data-widget_type=\"button.default\">\n\t\t\t\t<div class=\"elementor-widget-container\">\n\t\t\t\t\t<div class=\"elementor-button-wrapper\">\n\t\t\t<a class=\"elementor-button elementor-button-link elementor-size-xs\" href=\"https:\/\/ifgt.panificadores.org.mx\/index.php\/oferta-academica\">\n\t\t\t\t\t\t<span class=\"elementor-button-content-wrapper\">\n\t\t\t\t\t\t<span class=\"elementor-button-text\">Ver campa\u00f1as educativas<\/span>\n\t\t<\/span>\n\t\t\t\t\t<\/a>\n\t\t<\/div>\n\t\t\t\t<\/div>\n\t\t\t\t<\/div>\n\t\t\t\t\t<\/div>\n\t\t<\/div>\n\t\t\t\t\t<\/div>\n\t\t<\/section>\n\t\t\t\t<section class=\"elementor-section elementor-top-section elementor-element elementor-element-a268a3b elementor-section-boxed elementor-section-height-default elementor-section-height-default\" data-id=\"a268a3b\" data-element_type=\"section\" data-settings=\"{&quot;background_background&quot;:&quot;classic&quot;}\">\n\t\t\t\t\t\t\t<div class=\"elementor-background-overlay\"><\/div>\n\t\t\t\t\t\t\t<div class=\"elementor-container elementor-column-gap-default\">\n\t\t\t\t\t<div class=\"elementor-column elementor-col-100 elementor-top-column elementor-element elementor-element-78265e8\" data-id=\"78265e8\" data-element_type=\"column\">\n\t\t\t<div class=\"elementor-widget-wrap elementor-element-populated\">\n\t\t\t\t\t\t<div class=\"elementor-element elementor-element-cebfba2 elementor-widget elementor-widget-text-editor\" data-id=\"cebfba2\" data-element_type=\"widget\" data-widget_type=\"text-editor.default\">\n\t\t\t\t<div class=\"elementor-widget-container\">\n\t\t\t\t\t\t\t<p>Sindicato Nacional de Trabajadores Harineros Panificadores<\/p>\n<p><br><\/p>\t\t\t\t\t\t<\/div>\n\t\t\t\t<\/div>\n\t\t\t\t<div class=\"elementor-element elementor-element-34b27d0 elementor-widget elementor-widget-text-editor\" data-id=\"34b27d0\" data-element_type=\"widget\" data-widget_type=\"text-editor.default\">\n\t\t\t\t<div class=\"elementor-widget-container\">\n\t\t\t\t\t\t\t<p><span style=\"font-style: inherit; font-weight: inherit;\">Instituto Fausto Guerrero Trist\u00e1n<\/span><span style=\"font-style: inherit; font-weight: inherit;\">&#8211; Copyright 2022. <\/span><span style=\"font-style: inherit; font-weight: inherit;\">Template Envato Elements<\/span><\/p>\t\t\t\t\t\t<\/div>\n\t\t\t\t<\/div>\n\t\t\t\t\t<\/div>\n\t\t<\/div>\n\t\t\t\t\t<\/div>\n\t\t<\/section>\n\t\t\t\t<\/div>\n\t\t","protected":false},"excerpt":{"rendered":"<p>Sindicato Nacional de Trabajadores Harineros Panificadores Instituto Fausto Guerrero Trist\u00e1n AVISO DE PRIVACIDAD De acuerdo a lo Previsto en la \u201cLey Federal de Protecci\u00f3n de Datos Personales\u201d, declara el Sindicato Nacional de Trabajadores Harineros, Panificadores, de Alimentos, del Transporte y Comercio, Similares y Conexos de la Rep\u00fablica Mexicana en adelante \u201cEl Sindicato\u201d, ser un Sindicato &hellip;<\/p>\n<p class=\"read-more\"> <a class=\"\" href=\"https:\/\/ifgt.panificadores.org.mx\/index.php\/aviso-de-privacidad\/\"> <span class=\"screen-reader-text\">Aviso de Privacidad<\/span> Leer m\u00e1s &raquo;<\/a><\/p>\n","protected":false},"author":1,"featured_media":0,"parent":0,"menu_order":3,"comment_status":"closed","ping_status":"closed","template":"","meta":{"site-sidebar-layout":"no-sidebar","site-content-layout":"page-builder","ast-site-content-layout":"","site-content-style":"default","site-sidebar-style":"default","ast-global-header-display":"","ast-banner-title-visibility":"","ast-main-header-display":"","ast-hfb-above-header-display":"","ast-hfb-below-header-display":"","ast-hfb-mobile-header-display":"","site-post-title":"disabled","ast-breadcrumbs-content":"","ast-featured-img":"disabled","footer-sml-layout":"","theme-transparent-header-meta":"","adv-header-id-meta":"","stick-header-meta":"","header-above-stick-meta":"","header-main-stick-meta":"","header-below-stick-meta":"","astra-migrate-meta-layouts":"","footnotes":""},"_links":{"self":[{"href":"https:\/\/ifgt.panificadores.org.mx\/index.php\/wp-json\/wp\/v2\/pages\/1661"}],"collection":[{"href":"https:\/\/ifgt.panificadores.org.mx\/index.php\/wp-json\/wp\/v2\/pages"}],"about":[{"href":"https:\/\/ifgt.panificadores.org.mx\/index.php\/wp-json\/wp\/v2\/types\/page"}],"author":[{"embeddable":true,"href":"https:\/\/ifgt.panificadores.org.mx\/index.php\/wp-json\/wp\/v2\/users\/1"}],"replies":[{"embeddable":true,"href":"https:\/\/ifgt.panificadores.org.mx\/index.php\/wp-json\/wp\/v2\/comments?post=1661"}],"version-history":[{"count":79,"href":"https:\/\/ifgt.panificadores.org.mx\/index.php\/wp-json\/wp\/v2\/pages\/1661\/revisions"}],"predecessor-version":[{"id":1808,"href":"https:\/\/ifgt.panificadores.org.mx\/index.php\/wp-json\/wp\/v2\/pages\/1661\/revisions\/1808"}],"wp:attachment":[{"href":"https:\/\/ifgt.panificadores.org.mx\/index.php\/wp-json\/wp\/v2\/media?parent=1661"}],"curies":[{"name":"wp","href":"https:\/\/api.w.org\/{rel}","templated":true}]}}